{"id":63,"date":"2024-10-24T16:03:37","date_gmt":"2024-10-24T15:03:37","guid":{"rendered":"http:\/\/cumulus-servis.cz\/leteckaskola\/?page_id=63"},"modified":"2024-10-31T07:20:28","modified_gmt":"2024-10-31T06:20:28","slug":"cenik","status":"publish","type":"page","link":"http:\/\/cumulus-servis.cz\/leteckaskola\/?page_id=63","title":{"rendered":"Cen\u00edk"},"content":{"rendered":"<table style=\"height: 397px;\" width=\"615\">\n<tbody>\n<tr>\n<td>WT 9 Dynamic 600kg OK XAS 31<\/td>\n<td>v\u010detn\u011b paliva<\/td>\n<td>Cena bez DPH<\/td>\n<\/tr>\n<tr>\n<td>Polo\u017eka<\/td>\n<td>cena za 1min<\/td>\n<td>pozn\u00e1mka<\/td>\n<\/tr>\n<tr>\n<td>pilot<\/td>\n<td>51,00 K\u010d<\/td>\n<td><\/td>\n<\/tr>\n<tr>\n<td>v\u00fdcvik<\/td>\n<td>53,00 K\u010d<\/td>\n<td><\/td>\n<\/tr>\n<tr>\n<td>p\u0159evleky<\/td>\n<td>50,00 K\u010d<\/td>\n<td><\/td>\n<\/tr>\n<tr>\n<td>Vleky do 700m<\/td>\n<td>900 s\u00f3lo<\/p>\n<p>1000 dvoj\u00ed<\/td>\n<td>+100m= +100 K\u010d<\/td>\n<\/tr>\n<tr>\n<td>Vleky na okruhovou v\u00fd\u0161ku cca 400m<\/td>\n<td>\u00a0700 K\u010d<\/td>\n<td>\u00a0v\u0161echny kluz\u00e1ky<\/td>\n<\/tr>\n<tr>\n<td>\u00a0\u010cas letov\u00fd, \u00fadaj na obrazovce.<\/td>\n<td><\/td>\n<td><\/td>\n<\/tr>\n<\/tbody>\n<\/table>\n<table width=\"615\">\n<tbody>\n<tr>\n<td><\/td>\n<td><\/td>\n<td>2025 &#8211; stanovena cena \u00a038,-K\u010d\/min. &#8211; pro piloty,kte\u0159\u00ed uhradili pod\u00edl na hav.poji\u0161t\u011bn\u00ed.( Kalkulace 80 hodin\/rok pro \u00a02025). Lety bez pod\u00edlu na poji\u0161t\u011bn\u00ed(vleky,v\u00fdcvik&#8230;) Z t\u011bchto let\u016f za plnou cenu se 13K\u010d\/min vr\u00e1t\u00ed a rozd\u011bl\u00ed pod\u00edln\u00edk\u016fm poji\u0161t\u011bn\u00ed. Poji\u0161t\u011bn\u00ed bude sjedn\u00e1no na hodnotu letadla 3 mil.K\u010d na 9 m\u011bs\u00edc\u016f. Od 1.3. do 30.11.<\/p>\n<p>Podm\u00ednka p\u016fj\u010den\u00ed letadla je poji\u0161t\u011bn\u00ed odpov\u011bdnosti pilota na 200.000 K\u010d.<\/p>\n<p>P\u0159edplacen\u00ed 10 hodin. P\u0159ed vy\u010derp\u00e1n\u00edm si pilot p\u0159edplat\u00ed dal\u0161\u00ed letov\u00e9 hodiny.Princip v\u017edy kladn\u00e9ho konta. Zbytek mu bude na konci roku vr\u00e1cen nebo p\u0159eveden do roku n\u00e1sleduj\u00edc\u00edho.<\/p>\n<p>P\u0159ed za\u010d\u00e1tkem samostatn\u00e9ho l\u00e9t\u00e1n\u00ed v nov\u00e9m kal.roce min.40 min.kontroln\u00ed let s ur\u010den\u00fdm instruktorem(n\u00e1cvik nouzov\u00fdch postup\u016f).<\/p>\n<p>Palivov\u00fd p\u0159\u00edplatek: Kalkulovan\u00e1 cena benz\u00ednu je 42K\u010d\/l s DPH. P\u0159i dlouhodob\u011b vy\u0161\u0161\u00ed cen\u011b bude \u00fa\u010dtov\u00e1n palivov\u00fd p\u0159\u00edplatek.<\/td>\n<\/tr>\n<\/tbody>\n<\/table>\n<p>Ceny bez DPH<\/p>\n","protected":false},"excerpt":{"rendered":"<p>WT 9 Dynamic 600kg OK XAS 31 v\u010detn\u011b paliva Cena bez DPH Polo\u017eka cena za&#8230;<\/p>\n","protected":false},"author":1,"featured_media":0,"parent":0,"menu_order":0,"comment_status":"closed","ping_status":"closed","template":"","meta":[],"_links":{"self":[{"href":"http:\/\/cumulus-servis.cz\/leteckaskola\/index.php?rest_route=\/wp\/v2\/pages\/63"}],"collection":[{"href":"http:\/\/cumulus-servis.cz\/leteckaskola\/index.php?rest_route=\/wp\/v2\/pages"}],"about":[{"href":"http:\/\/cumulus-servis.cz\/leteckaskola\/index.php?rest_route=\/wp\/v2\/types\/page"}],"author":[{"embeddable":true,"href":"http:\/\/cumulus-servis.cz\/leteckaskola\/index.php?rest_route=\/wp\/v2\/users\/1"}],"replies":[{"embeddable":true,"href":"http:\/\/cumulus-servis.cz\/leteckaskola\/index.php?rest_route=%2Fwp%2Fv2%2Fcomments&post=63"}],"version-history":[{"count":25,"href":"http:\/\/cumulus-servis.cz\/leteckaskola\/index.php?rest_route=\/wp\/v2\/pages\/63\/revisions"}],"predecessor-version":[{"id":346,"href":"http:\/\/cumulus-servis.cz\/leteckaskola\/index.php?rest_route=\/wp\/v2\/pages\/63\/revisions\/346"}],"wp:attachment":[{"href":"http:\/\/cumulus-servis.cz\/leteckaskola\/index.php?rest_route=%2Fwp%2Fv2%2Fmedia&parent=63"}],"curies":[{"name":"wp","href":"https:\/\/api.w.org\/{rel}","templated":true}]}}