{"id":4,"date":"2014-09-14T11:22:59","date_gmt":"2014-09-14T10:22:59","guid":{"rendered":"http:\/\/cumulus-servis.cz\/leteckaskola\/?page_id=4"},"modified":"2014-09-14T20:00:11","modified_gmt":"2014-09-14T19:00:11","slug":"kalendar","status":"publish","type":"page","link":"http:\/\/cumulus-servis.cz\/leteckaskola\/?page_id=4","title":{"rendered":"Kalend\u00e1\u0159"},"content":{"rendered":"<p>PRO \u00daPRAVU KALEND\u00c1\u0158E JE NUTN\u00c9 P\u0158IHL\u00c1\u0160EN\u00cd <a href=\"http:\/\/cumulus-servis.cz\/leteckaskola\/wp-admin\/\">ZDE<\/a><\/p>\n<p><span style=\"color: #444444;\"><style>.cat1,.cat1 .fc-event-skin,.fc-agenda .cat1,a.cat1,a.cat1:active,a.cat1:visited{color:#FFFFFF !important;background-color:#517ed6 !important;border-color:#517ed6 !important}\na.cat1:hover{-moz-box-shadow:0 0 2px #000;-webkit-box-shadow:0 0 2px #000;box-shadow:0 0 2px #000;color:#FFFFFF !important;background-color:#517ed6 !important;border-color:#FFFFFF !important}\n.cat2,.cat2 .fc-event-skin,.fc-agenda .cat2,a.cat2,a.cat2:active,a.cat2:visited{color:#FFFFFF !important;background-color:#e3686c !important;border-color:#e3686c !important}\na.cat2:hover{-moz-box-shadow:0 0 2px #000;-webkit-box-shadow:0 0 2px #000;box-shadow:0 0 2px #000;color:#FFFFFF !important;background-color:#e3686c !important;border-color:#FFFFFF !important}\n.cat3,.cat3 .fc-event-skin,.fc-agenda .cat3,a.cat3,a.cat3:active,a.cat3:visited{color:#FFFFFF !important;background-color:#8fc9b0 !important;border-color:#8fc9b0 !important}\na.cat3:hover{-moz-box-shadow:0 0 2px #000;-webkit-box-shadow:0 0 2px #000;box-shadow:0 0 2px #000;color:#FFFFFF !important;background-color:#8fc9b0 !important;border-color:#FFFFFF !important}\n<\/style><script type='text\/javascript'>\nvar shortcode = {\ncategories: '0',\nexcluded: 0,\nfilter: 'all',\nview: 'month',\nmonth: 4,\nyear: 2026,\nviews: 'month,agendaWeek',\nnav: 'prev,next, today',\nheight: '',\nscroll: 0,\nmini: 0\n};\n<\/script>\n<div id='aec-container'>\n<div id='aec-header'>\n<div id='aec-menu'>\n<a href='http:\/\/cumulus-servis.cz\/leteckaskola\/wp-admin\/admin.php?page=ajax-event-calendar.php'>P\u0159idat ud\u00e1losti<\/a><\/div>\n<ul id='aec-filter'>\n<li>Show Type<\/li>\n<li class=\"active\"><a class=\"round5 all\">V\u0161e<\/a><\/li>\n<li><a class=\"round5 cat1\">Event<\/a><\/li>\n<li><a class=\"round5 cat2\">Deadline<\/a><\/li>\n<li><a class=\"round5 cat3\">Volunteer<\/a><\/li>\n<\/ul>\n<\/div>\n<div id='aec-calendar'><\/div>\n<span class='aec-credit'>AEC v1.0.4<\/span>\n<\/div>\n<\/span><\/p>\n","protected":false},"excerpt":{"rendered":"<p>PRO \u00daPRAVU KALEND\u00c1\u0158E JE NUTN\u00c9 P\u0158IHL\u00c1\u0160EN\u00cd ZDE<\/p>\n","protected":false},"author":1,"featured_media":0,"parent":0,"menu_order":0,"comment_status":"closed","ping_status":"closed","template":"","meta":[],"_links":{"self":[{"href":"http:\/\/cumulus-servis.cz\/leteckaskola\/index.php?rest_route=\/wp\/v2\/pages\/4"}],"collection":[{"href":"http:\/\/cumulus-servis.cz\/leteckaskola\/index.php?rest_route=\/wp\/v2\/pages"}],"about":[{"href":"http:\/\/cumulus-servis.cz\/leteckaskola\/index.php?rest_route=\/wp\/v2\/types\/page"}],"author":[{"embeddable":true,"href":"http:\/\/cumulus-servis.cz\/leteckaskola\/index.php?rest_route=\/wp\/v2\/users\/1"}],"replies":[{"embeddable":true,"href":"http:\/\/cumulus-servis.cz\/leteckaskola\/index.php?rest_route=%2Fwp%2Fv2%2Fcomments&post=4"}],"version-history":[{"count":3,"href":"http:\/\/cumulus-servis.cz\/leteckaskola\/index.php?rest_route=\/wp\/v2\/pages\/4\/revisions"}],"predecessor-version":[{"id":79,"href":"http:\/\/cumulus-servis.cz\/leteckaskola\/index.php?rest_route=\/wp\/v2\/pages\/4\/revisions\/79"}],"wp:attachment":[{"href":"http:\/\/cumulus-servis.cz\/leteckaskola\/index.php?rest_route=%2Fwp%2Fv2%2Fmedia&parent=4"}],"curies":[{"name":"wp","href":"https:\/\/api.w.org\/{rel}","templated":true}]}}